{"id":103,"date":"2021-01-04T15:38:15","date_gmt":"2021-01-04T14:38:15","guid":{"rendered":"https:\/\/kljuci-cena.si\/kljuci\/?page_id=103"},"modified":"2021-01-05T12:51:33","modified_gmt":"2021-01-05T11:51:33","slug":"storitve","status":"publish","type":"page","link":"https:\/\/kljuci-cena.si\/kljuci\/storitve\/","title":{"rendered":"Storitve"},"content":{"rendered":"\n<h2 class=\"wp-block-heading\"><a href=\"https:\/\/kljuci-cena.si\/kljuci\/lasersko-graviranje\/\" data-type=\"page\" data-id=\"105\">Lasersko graviranje<\/a><\/h2>\n\n\n\n<h2 class=\"wp-block-heading\"><a href=\"https:\/\/kljuci-cena.si\/kljuci\/brusenje-nozev-in-skarij\/\" data-type=\"page\" data-id=\"113\">Bru\u0161enje no\u017eev in \u0161karij<\/a><\/h2>\n\n\n\n<p><\/p>\n","protected":false},"excerpt":{"rendered":"<p>Lasersko graviranje Bru\u0161enje no\u017eev in \u0161karij<\/p>\n","protected":false},"author":1,"featured_media":248,"parent":0,"menu_order":0,"comment_status":"closed","ping_status":"closed","template":"","meta":{"footnotes":""},"class_list":["post-103","page","type-page","status-publish","has-post-thumbnail","hentry"],"_links":{"self":[{"href":"https:\/\/kljuci-cena.si\/kljuci\/wp-json\/wp\/v2\/pages\/103","targetHints":{"allow":["GET"]}}],"collection":[{"href":"https:\/\/kljuci-cena.si\/kljuci\/wp-json\/wp\/v2\/pages"}],"about":[{"href":"https:\/\/kljuci-cena.si\/kljuci\/wp-json\/wp\/v2\/types\/page"}],"author":[{"embeddable":true,"href":"https:\/\/kljuci-cena.si\/kljuci\/wp-json\/wp\/v2\/users\/1"}],"replies":[{"embeddable":true,"href":"https:\/\/kljuci-cena.si\/kljuci\/wp-json\/wp\/v2\/comments?post=103"}],"version-history":[{"count":3,"href":"https:\/\/kljuci-cena.si\/kljuci\/wp-json\/wp\/v2\/pages\/103\/revisions"}],"predecessor-version":[{"id":249,"href":"https:\/\/kljuci-cena.si\/kljuci\/wp-json\/wp\/v2\/pages\/103\/revisions\/249"}],"wp:featuredmedia":[{"embeddable":true,"href":"https:\/\/kljuci-cena.si\/kljuci\/wp-json\/wp\/v2\/media\/248"}],"wp:attachment":[{"href":"https:\/\/kljuci-cena.si\/kljuci\/wp-json\/wp\/v2\/media?parent=103"}],"curies":[{"name":"wp","href":"https:\/\/api.w.org\/{rel}","templated":true}]}}