{"id":113,"date":"2021-01-04T16:09:35","date_gmt":"2021-01-04T15:09:35","guid":{"rendered":"https:\/\/kljuci-cena.si\/kljuci\/?page_id=113"},"modified":"2021-01-04T16:15:44","modified_gmt":"2021-01-04T15:15:44","slug":"brusenje-nozev-in-skarij","status":"publish","type":"page","link":"https:\/\/kljuci-cena.si\/kljuci\/brusenje-nozev-in-skarij\/","title":{"rendered":"Bru\u0161enje no\u017eev in \u0161karij"},"content":{"rendered":"\n<h1 class=\"wp-block-heading\">Bru\u0161enje no\u017eev in \u0161karij<\/h1>\n\n\n\n<p>Z najsodobnej\u0161im strojem za bru\u0161enje no\u017eev in \u0161karij, tehnologije dveh spiralnih valjev z diamantnim brusom vam nabrusimo vse vrste no\u017eev z ravnim rezilom in vse vrste \u0161karij.\u00a0<\/p>\n\n\n\n<p>Kljub rednemu ro\u010dnemu bru\u0161enju in pravilni skrbi za no\u017e, se njegov rezilni rob s\u010dasoma preve\u010d odebeli, da bi mu bilo prvotno obliko mogo\u010de povrniti samo z ro\u010dnim bru\u0161enjem. Takrat je \u010das za strojno bru\u0161enje no\u017eev. Pri strojnem bru\u0161enju veljajo podobna pravila kot za ro\u010dno bru\u0161enje rezilnega orodja. <\/p>\n\n\n\n<p>Redno bru\u0161enje no\u017eev je enostavnej\u0161e, vzame manj \u010dasa in odstranjuje veliko manj materiala. Po nekaj letih uporabe bo imel no\u017e, ki je bil redno bru\u0161en, manj obrabljeno rezilo, kot no\u017e, ki je bil nabru\u0161en samo nekajkrat. <\/p>\n","protected":false},"excerpt":{"rendered":"<p>Bru\u0161enje no\u017eev in \u0161karij Z najsodobnej\u0161im strojem za bru\u0161enje no\u017eev in \u0161karij, tehnologije dveh spiralnih valjev z diamantnim brusom vam nabrusimo vse vrste no\u017eev z&hellip;<\/p>\n","protected":false},"author":1,"featured_media":115,"parent":0,"menu_order":0,"comment_status":"closed","ping_status":"closed","template":"","meta":{"footnotes":""},"class_list":["post-113","page","type-page","status-publish","has-post-thumbnail","hentry"],"_links":{"self":[{"href":"https:\/\/kljuci-cena.si\/kljuci\/wp-json\/wp\/v2\/pages\/113","targetHints":{"allow":["GET"]}}],"collection":[{"href":"https:\/\/kljuci-cena.si\/kljuci\/wp-json\/wp\/v2\/pages"}],"about":[{"href":"https:\/\/kljuci-cena.si\/kljuci\/wp-json\/wp\/v2\/types\/page"}],"author":[{"embeddable":true,"href":"https:\/\/kljuci-cena.si\/kljuci\/wp-json\/wp\/v2\/users\/1"}],"replies":[{"embeddable":true,"href":"https:\/\/kljuci-cena.si\/kljuci\/wp-json\/wp\/v2\/comments?post=113"}],"version-history":[{"count":1,"href":"https:\/\/kljuci-cena.si\/kljuci\/wp-json\/wp\/v2\/pages\/113\/revisions"}],"predecessor-version":[{"id":114,"href":"https:\/\/kljuci-cena.si\/kljuci\/wp-json\/wp\/v2\/pages\/113\/revisions\/114"}],"wp:featuredmedia":[{"embeddable":true,"href":"https:\/\/kljuci-cena.si\/kljuci\/wp-json\/wp\/v2\/media\/115"}],"wp:attachment":[{"href":"https:\/\/kljuci-cena.si\/kljuci\/wp-json\/wp\/v2\/media?parent=113"}],"curies":[{"name":"wp","href":"https:\/\/api.w.org\/{rel}","templated":true}]}}