{"id":14,"date":"2021-01-04T10:59:28","date_gmt":"2021-01-04T09:59:28","guid":{"rendered":"https:\/\/kljuci-cena.si\/kljuci\/?page_id=14"},"modified":"2021-01-08T16:54:56","modified_gmt":"2021-01-08T15:54:56","slug":"domov","status":"publish","type":"page","link":"https:\/\/kljuci-cena.si\/kljuci\/","title":{"rendered":"Izdelovanje klju\u010dev Cena"},"content":{"rendered":"\n<div class=\"wp-block-cover has-background-dim-40 has-background-dim\" style=\"background-image:url(https:\/\/kljuci-cena.si\/kljuci\/wp-content\/uploads\/2021\/01\/assaab.png);min-height:600px;background-position:19% 61%;aspect-ratio:unset;\"><div class=\"wp-block-cover__inner-container is-layout-flow wp-block-cover-is-layout-flow\">\n<p class=\"has-text-align-center has-white-color has-text-color has-huge-font-size\"><strong>IZDELOVANJE KLJU\u010cEV \u2022 UNIVERZALNI DALJINCI \u2022 OHI\u0160JA ZA AVTOMOBILSKE KLJU\u010cE \u2022 LASERSKO GRAVIRANJE \u2022 BRU\u0160ENJE NO\u017dEV IN \u0160KARIJ \u2022 TRGOVINA<\/strong><\/p>\n<\/div><\/div>\n\n\n\n<div class=\"wp-block-columns is-layout-flex wp-container-core-columns-is-layout-9d6595d7 wp-block-columns-is-layout-flex\">\n<div class=\"wp-block-column is-layout-flow wp-block-column-is-layout-flow\"><\/div>\n\n\n\n<div class=\"wp-block-column is-layout-flow wp-block-column-is-layout-flow\"><\/div>\n<\/div>\n\n\n\n<figure class=\"wp-block-gallery columns-6 wp-block-gallery-1 is-layout-flex wp-block-gallery-is-layout-flex\"><ul class=\"blocks-gallery-grid\"><li class=\"blocks-gallery-item\"><figure><img fetchpriority=\"high\" decoding=\"async\" width=\"330\" height=\"330\" src=\"https:\/\/kljuci-cena.si\/kljuci\/wp-content\/uploads\/2021\/01\/pic-menu-2.png\" alt=\"\" data-id=\"227\" data-full-url=\"https:\/\/kljuci-cena.si\/kljuci\/wp-content\/uploads\/2021\/01\/pic-menu-2.png\" data-link=\"https:\/\/kljuci-cena.si\/kljuci\/domov\/pic-menu-2\/\" class=\"wp-image-227\" srcset=\"https:\/\/kljuci-cena.si\/kljuci\/wp-content\/uploads\/2021\/01\/pic-menu-2.png 330w, https:\/\/kljuci-cena.si\/kljuci\/wp-content\/uploads\/2021\/01\/pic-menu-2-300x300.png 300w, https:\/\/kljuci-cena.si\/kljuci\/wp-content\/uploads\/2021\/01\/pic-menu-2-150x150.png 150w\" sizes=\"(max-width: 330px) 100vw, 330px\" \/><figcaption class=\"blocks-gallery-item__caption\"><a href=\"https:\/\/kljuci-cena.si\/kljuci\/izdelava-kljucev\/\" data-type=\"page\" data-id=\"35\"><span class=\"has-inline-color has-white-color\">Ve\u010d o tem &#8230;<\/span><\/a><\/figcaption><\/figure><\/li><li class=\"blocks-gallery-item\"><figure><img decoding=\"async\" src=\"https:\/\/kljuci-cena.si\/kljuci\/wp-content\/uploads\/2021\/01\/pic-menu-13.png\" alt=\"\" data-id=\"377\" data-full-url=\"https:\/\/kljuci-cena.si\/kljuci\/wp-content\/uploads\/2021\/01\/pic-menu-13.png\" data-link=\"https:\/\/kljuci-cena.si\/kljuci\/domov\/pic-menu-13\/\" class=\"wp-image-377\"\/><figcaption class=\"blocks-gallery-item__caption\"><a href=\"https:\/\/kljuci-cena.si\/kljuci\/sistemi-generalnega-kljuca-sistemi-psm\/\" data-type=\"page\" data-id=\"302\"><span class=\"has-inline-color has-white-color\">Ve\u010d o tem &#8230;<\/span><\/a><\/figcaption><\/figure><\/li><li class=\"blocks-gallery-item\"><figure><img decoding=\"async\" src=\"https:\/\/kljuci-cena.si\/kljuci\/wp-content\/uploads\/2021\/01\/pic-menu-12.png\" alt=\"\" data-id=\"378\" data-full-url=\"https:\/\/kljuci-cena.si\/kljuci\/wp-content\/uploads\/2021\/01\/pic-menu-12.png\" data-link=\"https:\/\/kljuci-cena.si\/kljuci\/domov\/pic-menu-12\/\" class=\"wp-image-378\"\/><figcaption class=\"blocks-gallery-item__caption\"><a href=\"https:\/\/kljuci-cena.si\/kljuci\/za-dom\/pametne-kljucavnice-aries-smart\/\" data-type=\"page\" data-id=\"333\"><span class=\"has-inline-color has-white-color\">Ve\u010d o tem &#8230;<\/span><\/a><\/figcaption><\/figure><\/li><li class=\"blocks-gallery-item\"><figure><img decoding=\"async\" width=\"330\" height=\"330\" src=\"https:\/\/kljuci-cena.si\/kljuci\/wp-content\/uploads\/2021\/01\/pic-menu-10.png\" alt=\"\" data-id=\"380\" data-full-url=\"https:\/\/kljuci-cena.si\/kljuci\/wp-content\/uploads\/2021\/01\/pic-menu-10.png\" data-link=\"https:\/\/kljuci-cena.si\/kljuci\/domov\/pic-menu-10\/\" class=\"wp-image-380\" srcset=\"https:\/\/kljuci-cena.si\/kljuci\/wp-content\/uploads\/2021\/01\/pic-menu-10.png 330w, https:\/\/kljuci-cena.si\/kljuci\/wp-content\/uploads\/2021\/01\/pic-menu-10-300x300.png 300w, https:\/\/kljuci-cena.si\/kljuci\/wp-content\/uploads\/2021\/01\/pic-menu-10-150x150.png 150w, https:\/\/kljuci-cena.si\/kljuci\/wp-content\/uploads\/2021\/01\/pic-menu-10-24x24.png 24w, https:\/\/kljuci-cena.si\/kljuci\/wp-content\/uploads\/2021\/01\/pic-menu-10-36x36.png 36w, https:\/\/kljuci-cena.si\/kljuci\/wp-content\/uploads\/2021\/01\/pic-menu-10-48x48.png 48w\" sizes=\"(max-width: 330px) 100vw, 330px\" \/><figcaption class=\"blocks-gallery-item__caption\"><a href=\"https:\/\/kljuci-cena.si\/kljuci\/za-dom\/\" data-type=\"page\" data-id=\"58\"><span class=\"has-inline-color has-white-color\">Ve\u010d o tem&#8230;<\/span><\/a><\/figcaption><\/figure><\/li><li class=\"blocks-gallery-item\"><figure><img decoding=\"async\" src=\"https:\/\/kljuci-cena.si\/kljuci\/wp-content\/uploads\/2021\/01\/pic-menu-11.png\" alt=\"\" data-id=\"379\" data-full-url=\"https:\/\/kljuci-cena.si\/kljuci\/wp-content\/uploads\/2021\/01\/pic-menu-11.png\" data-link=\"https:\/\/kljuci-cena.si\/kljuci\/domov\/pic-menu-11\/\" class=\"wp-image-379\"\/><figcaption class=\"blocks-gallery-item__caption\"><a href=\"https:\/\/kljuci-cena.si\/kljuci\/avto-daljinci\/\" data-type=\"page\" data-id=\"316\"><span class=\"has-inline-color has-white-color\">Ve\u010d o tem &#8230;<\/span><\/a><\/figcaption><\/figure><\/li><li class=\"blocks-gallery-item\"><figure><img decoding=\"async\" width=\"330\" height=\"330\" src=\"https:\/\/kljuci-cena.si\/kljuci\/wp-content\/uploads\/2021\/01\/pic-menu-5.png\" alt=\"\" data-id=\"234\" data-full-url=\"https:\/\/kljuci-cena.si\/kljuci\/wp-content\/uploads\/2021\/01\/pic-menu-5.png\" data-link=\"https:\/\/kljuci-cena.si\/kljuci\/domov\/pic-menu-5\/\" class=\"wp-image-234\" srcset=\"https:\/\/kljuci-cena.si\/kljuci\/wp-content\/uploads\/2021\/01\/pic-menu-5.png 330w, https:\/\/kljuci-cena.si\/kljuci\/wp-content\/uploads\/2021\/01\/pic-menu-5-300x300.png 300w, https:\/\/kljuci-cena.si\/kljuci\/wp-content\/uploads\/2021\/01\/pic-menu-5-150x150.png 150w\" sizes=\"(max-width: 330px) 100vw, 330px\" \/><figcaption class=\"blocks-gallery-item__caption\"><a href=\"http:\/\/ohi\u0161\" data-type=\"URL\" data-id=\"ohi\u0161\"><span class=\"has-inline-color has-white-color\">Ve\u010d o tem &#8230;<\/span><\/a><\/figcaption><\/figure><\/li><li class=\"blocks-gallery-item\"><figure><img loading=\"lazy\" decoding=\"async\" width=\"330\" height=\"330\" src=\"https:\/\/kljuci-cena.si\/kljuci\/wp-content\/uploads\/2021\/01\/pic-menu-8.png\" alt=\"\" data-id=\"219\" data-full-url=\"https:\/\/kljuci-cena.si\/kljuci\/wp-content\/uploads\/2021\/01\/pic-menu-8.png\" data-link=\"https:\/\/kljuci-cena.si\/kljuci\/pic-menu-8\/\" class=\"wp-image-219\" srcset=\"https:\/\/kljuci-cena.si\/kljuci\/wp-content\/uploads\/2021\/01\/pic-menu-8.png 330w, https:\/\/kljuci-cena.si\/kljuci\/wp-content\/uploads\/2021\/01\/pic-menu-8-300x300.png 300w, https:\/\/kljuci-cena.si\/kljuci\/wp-content\/uploads\/2021\/01\/pic-menu-8-150x150.png 150w\" sizes=\"(max-width: 330px) 100vw, 330px\" \/><figcaption class=\"blocks-gallery-item__caption\"><a href=\"https:\/\/kljuci-cena.si\/kljuci\/trgovina\/\" data-type=\"page\" data-id=\"117\"><span class=\"has-inline-color has-white-color\">Ve\u010d o tem &#8230;<\/span><\/a><\/figcaption><\/figure><\/li><li class=\"blocks-gallery-item\"><figure><img loading=\"lazy\" decoding=\"async\" width=\"330\" height=\"330\" src=\"https:\/\/kljuci-cena.si\/kljuci\/wp-content\/uploads\/2021\/01\/pic-menu-1.png\" alt=\"\" data-id=\"226\" data-full-url=\"https:\/\/kljuci-cena.si\/kljuci\/wp-content\/uploads\/2021\/01\/pic-menu-1.png\" data-link=\"https:\/\/kljuci-cena.si\/kljuci\/pic-menu-1\/\" class=\"wp-image-226\" srcset=\"https:\/\/kljuci-cena.si\/kljuci\/wp-content\/uploads\/2021\/01\/pic-menu-1.png 330w, https:\/\/kljuci-cena.si\/kljuci\/wp-content\/uploads\/2021\/01\/pic-menu-1-300x300.png 300w, https:\/\/kljuci-cena.si\/kljuci\/wp-content\/uploads\/2021\/01\/pic-menu-1-150x150.png 150w\" sizes=\"(max-width: 330px) 100vw, 330px\" \/><figcaption class=\"blocks-gallery-item__caption\"><a href=\"https:\/\/kljuci-cena.si\/kljuci\/brusenje-nozev-in-skarij\/\" data-type=\"page\" data-id=\"113\"><span class=\"has-inline-color has-white-color\">Ve\u010d o tem &#8230;<\/span><\/a><\/figcaption><\/figure><\/li><li class=\"blocks-gallery-item\"><figure><img loading=\"lazy\" decoding=\"async\" width=\"330\" height=\"330\" src=\"https:\/\/kljuci-cena.si\/kljuci\/wp-content\/uploads\/2021\/01\/pic-menu-7.png\" alt=\"\" data-id=\"220\" data-full-url=\"https:\/\/kljuci-cena.si\/kljuci\/wp-content\/uploads\/2021\/01\/pic-menu-7.png\" data-link=\"https:\/\/kljuci-cena.si\/kljuci\/pic-menu-7\/\" class=\"wp-image-220\" srcset=\"https:\/\/kljuci-cena.si\/kljuci\/wp-content\/uploads\/2021\/01\/pic-menu-7.png 330w, https:\/\/kljuci-cena.si\/kljuci\/wp-content\/uploads\/2021\/01\/pic-menu-7-300x300.png 300w, https:\/\/kljuci-cena.si\/kljuci\/wp-content\/uploads\/2021\/01\/pic-menu-7-150x150.png 150w\" sizes=\"(max-width: 330px) 100vw, 330px\" \/><figcaption class=\"blocks-gallery-item__caption\"><a href=\"https:\/\/kljuci-cena.si\/kljuci\/izdelava-kljucev\/\" data-type=\"page\" data-id=\"35\"><span class=\"has-inline-color has-white-color\">Ve\u010d o tem &#8230;<\/span><\/a><\/figcaption><\/figure><\/li><li class=\"blocks-gallery-item\"><figure><img loading=\"lazy\" decoding=\"async\" width=\"330\" height=\"330\" src=\"https:\/\/kljuci-cena.si\/kljuci\/wp-content\/uploads\/2021\/01\/pic-menu-3.png\" alt=\"\" data-id=\"228\" data-full-url=\"https:\/\/kljuci-cena.si\/kljuci\/wp-content\/uploads\/2021\/01\/pic-menu-3.png\" data-link=\"https:\/\/kljuci-cena.si\/kljuci\/domov\/pic-menu-3\/\" class=\"wp-image-228\" srcset=\"https:\/\/kljuci-cena.si\/kljuci\/wp-content\/uploads\/2021\/01\/pic-menu-3.png 330w, https:\/\/kljuci-cena.si\/kljuci\/wp-content\/uploads\/2021\/01\/pic-menu-3-300x300.png 300w, https:\/\/kljuci-cena.si\/kljuci\/wp-content\/uploads\/2021\/01\/pic-menu-3-150x150.png 150w\" sizes=\"(max-width: 330px) 100vw, 330px\" \/><figcaption class=\"blocks-gallery-item__caption\"><a href=\"https:\/\/kljuci-cena.si\/kljuci\/univerzalni-daljinci\/\" data-type=\"page\" data-id=\"71\"><span class=\"has-inline-color has-white-color\">Ve\u010d o tem &#8230;.<\/span><\/a><\/figcaption><\/figure><\/li><li class=\"blocks-gallery-item\"><figure><img loading=\"lazy\" decoding=\"async\" width=\"330\" height=\"330\" src=\"https:\/\/kljuci-cena.si\/kljuci\/wp-content\/uploads\/2021\/01\/pic-menu-4.png\" alt=\"\" data-id=\"231\" data-full-url=\"https:\/\/kljuci-cena.si\/kljuci\/wp-content\/uploads\/2021\/01\/pic-menu-4.png\" data-link=\"https:\/\/kljuci-cena.si\/kljuci\/domov\/pic-menu-4\/\" class=\"wp-image-231\" srcset=\"https:\/\/kljuci-cena.si\/kljuci\/wp-content\/uploads\/2021\/01\/pic-menu-4.png 330w, https:\/\/kljuci-cena.si\/kljuci\/wp-content\/uploads\/2021\/01\/pic-menu-4-300x300.png 300w, https:\/\/kljuci-cena.si\/kljuci\/wp-content\/uploads\/2021\/01\/pic-menu-4-150x150.png 150w\" sizes=\"(max-width: 330px) 100vw, 330px\" \/><figcaption class=\"blocks-gallery-item__caption\"><a href=\"https:\/\/kljuci-cena.si\/kljuci\/lasersko-graviranje\/\" data-type=\"page\" data-id=\"105\"><span class=\"has-inline-color has-white-color\">Ve\u010d o tem &#8230;<\/span><\/a><\/figcaption><\/figure><\/li><li class=\"blocks-gallery-item\"><figure><img loading=\"lazy\" decoding=\"async\" width=\"330\" height=\"330\" src=\"https:\/\/kljuci-cena.si\/kljuci\/wp-content\/uploads\/2021\/01\/pic-menu-6.png\" alt=\"\" data-id=\"235\" data-full-url=\"https:\/\/kljuci-cena.si\/kljuci\/wp-content\/uploads\/2021\/01\/pic-menu-6.png\" data-link=\"https:\/\/kljuci-cena.si\/kljuci\/domov\/pic-menu-6\/\" class=\"wp-image-235\" srcset=\"https:\/\/kljuci-cena.si\/kljuci\/wp-content\/uploads\/2021\/01\/pic-menu-6.png 330w, https:\/\/kljuci-cena.si\/kljuci\/wp-content\/uploads\/2021\/01\/pic-menu-6-300x300.png 300w, https:\/\/kljuci-cena.si\/kljuci\/wp-content\/uploads\/2021\/01\/pic-menu-6-150x150.png 150w\" sizes=\"(max-width: 330px) 100vw, 330px\" \/><figcaption class=\"blocks-gallery-item__caption\"><a href=\"https:\/\/kljuci-cena.si\/kljuci\/trgovina\/\" data-type=\"page\" data-id=\"117\"><span class=\"has-inline-color has-white-color\">Ve\u010d o tem &#8230;<\/span><\/a><\/figcaption><\/figure><\/li><\/ul><\/figure>\n\n\n\n<p><\/p>\n","protected":false},"excerpt":{"rendered":"","protected":false},"author":1,"featured_media":0,"parent":0,"menu_order":0,"comment_status":"closed","ping_status":"closed","template":"","meta":{"footnotes":""},"class_list":["post-14","page","type-page","status-publish","hentry"],"_links":{"self":[{"href":"https:\/\/kljuci-cena.si\/kljuci\/wp-json\/wp\/v2\/pages\/14","targetHints":{"allow":["GET"]}}],"collection":[{"href":"https:\/\/kljuci-cena.si\/kljuci\/wp-json\/wp\/v2\/pages"}],"about":[{"href":"https:\/\/kljuci-cena.si\/kljuci\/wp-json\/wp\/v2\/types\/page"}],"author":[{"embeddable":true,"href":"https:\/\/kljuci-cena.si\/kljuci\/wp-json\/wp\/v2\/users\/1"}],"replies":[{"embeddable":true,"href":"https:\/\/kljuci-cena.si\/kljuci\/wp-json\/wp\/v2\/comments?post=14"}],"version-history":[{"count":57,"href":"https:\/\/kljuci-cena.si\/kljuci\/wp-json\/wp\/v2\/pages\/14\/revisions"}],"predecessor-version":[{"id":403,"href":"https:\/\/kljuci-cena.si\/kljuci\/wp-json\/wp\/v2\/pages\/14\/revisions\/403"}],"wp:attachment":[{"href":"https:\/\/kljuci-cena.si\/kljuci\/wp-json\/wp\/v2\/media?parent=14"}],"curies":[{"name":"wp","href":"https:\/\/api.w.org\/{rel}","templated":true}]}}