{"id":316,"date":"2021-01-08T14:35:57","date_gmt":"2021-01-08T13:35:57","guid":{"rendered":"https:\/\/kljuci-cena.si\/kljuci\/?page_id=316"},"modified":"2021-01-08T14:35:57","modified_gmt":"2021-01-08T13:35:57","slug":"avto-daljinci","status":"publish","type":"page","link":"https:\/\/kljuci-cena.si\/kljuci\/avto-daljinci\/","title":{"rendered":"Avto daljinci"},"content":{"rendered":"\n<h1 class=\"wp-block-heading\">Avto daljinci<\/h1>\n\n\n\n<p>Pri nas in na\u0161ih partnerjih vam izdelamo\u00a0 polno-funkcionalne klju\u010de z daljincem (KeyDiy),\u00a0tudi tiste, za katere ste do nedavnega morali na\u00a0uradni servis. Rezanje mehanske konice klju\u010da, programiranje transponderja, programiranje daljinca in vpis novega klju\u010da v avtomobilsko elektroniko, vse to pri nas za ve\u010dino avtomobilskih znamk dobite na enem mestu!<\/p>\n\n\n\n<figure class=\"wp-block-gallery columns-3 wp-block-gallery-1 is-layout-flex wp-block-gallery-is-layout-flex\"><ul class=\"blocks-gallery-grid\"><li class=\"blocks-gallery-item\"><figure><img fetchpriority=\"high\" decoding=\"async\" width=\"228\" height=\"300\" src=\"https:\/\/kljuci-cena.si\/kljuci\/wp-content\/uploads\/2021\/01\/avtodaljinci-exclusive-228x300.jpg\" alt=\"\" data-id=\"321\" data-full-url=\"https:\/\/kljuci-cena.si\/kljuci\/wp-content\/uploads\/2021\/01\/avtodaljinci-exclusive.jpg\" data-link=\"https:\/\/kljuci-cena.si\/kljuci\/?attachment_id=321\" class=\"wp-image-321\" srcset=\"https:\/\/kljuci-cena.si\/kljuci\/wp-content\/uploads\/2021\/01\/avtodaljinci-exclusive-228x300.jpg 228w, https:\/\/kljuci-cena.si\/kljuci\/wp-content\/uploads\/2021\/01\/avtodaljinci-exclusive-18x24.jpg 18w, https:\/\/kljuci-cena.si\/kljuci\/wp-content\/uploads\/2021\/01\/avtodaljinci-exclusive-27x36.jpg 27w, https:\/\/kljuci-cena.si\/kljuci\/wp-content\/uploads\/2021\/01\/avtodaljinci-exclusive-36x48.jpg 36w, https:\/\/kljuci-cena.si\/kljuci\/wp-content\/uploads\/2021\/01\/avtodaljinci-exclusive.jpg 364w\" sizes=\"(max-width: 228px) 100vw, 228px\" \/><\/figure><\/li><li class=\"blocks-gallery-item\"><figure><img decoding=\"async\" width=\"300\" height=\"255\" src=\"https:\/\/kljuci-cena.si\/kljuci\/wp-content\/uploads\/2021\/01\/avtodaljinci-eco-300x255.jpg\" alt=\"\" data-id=\"317\" data-full-url=\"https:\/\/kljuci-cena.si\/kljuci\/wp-content\/uploads\/2021\/01\/avtodaljinci-eco.jpg\" data-link=\"https:\/\/kljuci-cena.si\/kljuci\/?attachment_id=317\" class=\"wp-image-317\" srcset=\"https:\/\/kljuci-cena.si\/kljuci\/wp-content\/uploads\/2021\/01\/avtodaljinci-eco-300x255.jpg 300w, https:\/\/kljuci-cena.si\/kljuci\/wp-content\/uploads\/2021\/01\/avtodaljinci-eco-24x20.jpg 24w, https:\/\/kljuci-cena.si\/kljuci\/wp-content\/uploads\/2021\/01\/avtodaljinci-eco-36x31.jpg 36w, https:\/\/kljuci-cena.si\/kljuci\/wp-content\/uploads\/2021\/01\/avtodaljinci-eco-48x41.jpg 48w, https:\/\/kljuci-cena.si\/kljuci\/wp-content\/uploads\/2021\/01\/avtodaljinci-eco.jpg 556w\" sizes=\"(max-width: 300px) 100vw, 300px\" \/><\/figure><\/li><li class=\"blocks-gallery-item\"><figure><img decoding=\"async\" width=\"176\" height=\"300\" src=\"https:\/\/kljuci-cena.si\/kljuci\/wp-content\/uploads\/2021\/01\/avtodaljinci-business-176x300.jpg\" alt=\"\" data-id=\"318\" data-full-url=\"https:\/\/kljuci-cena.si\/kljuci\/wp-content\/uploads\/2021\/01\/avtodaljinci-business.jpg\" data-link=\"https:\/\/kljuci-cena.si\/kljuci\/?attachment_id=318\" class=\"wp-image-318\" srcset=\"https:\/\/kljuci-cena.si\/kljuci\/wp-content\/uploads\/2021\/01\/avtodaljinci-business-176x300.jpg 176w, https:\/\/kljuci-cena.si\/kljuci\/wp-content\/uploads\/2021\/01\/avtodaljinci-business-14x24.jpg 14w, https:\/\/kljuci-cena.si\/kljuci\/wp-content\/uploads\/2021\/01\/avtodaljinci-business-21x36.jpg 21w, https:\/\/kljuci-cena.si\/kljuci\/wp-content\/uploads\/2021\/01\/avtodaljinci-business-28x48.jpg 28w, https:\/\/kljuci-cena.si\/kljuci\/wp-content\/uploads\/2021\/01\/avtodaljinci-business.jpg 278w\" sizes=\"(max-width: 176px) 100vw, 176px\" \/><\/figure><\/li><li class=\"blocks-gallery-item\"><figure><img loading=\"lazy\" decoding=\"async\" width=\"300\" height=\"251\" src=\"https:\/\/kljuci-cena.si\/kljuci\/wp-content\/uploads\/2021\/01\/avtodaljinci-smart-300x251.jpeg\" alt=\"\" data-id=\"319\" data-full-url=\"https:\/\/kljuci-cena.si\/kljuci\/wp-content\/uploads\/2021\/01\/avtodaljinci-smart.jpeg\" data-link=\"https:\/\/kljuci-cena.si\/kljuci\/?attachment_id=319\" class=\"wp-image-319\" srcset=\"https:\/\/kljuci-cena.si\/kljuci\/wp-content\/uploads\/2021\/01\/avtodaljinci-smart-300x251.jpeg 300w, https:\/\/kljuci-cena.si\/kljuci\/wp-content\/uploads\/2021\/01\/avtodaljinci-smart-1024x857.jpeg 1024w, https:\/\/kljuci-cena.si\/kljuci\/wp-content\/uploads\/2021\/01\/avtodaljinci-smart-768x643.jpeg 768w, https:\/\/kljuci-cena.si\/kljuci\/wp-content\/uploads\/2021\/01\/avtodaljinci-smart-24x20.jpeg 24w, https:\/\/kljuci-cena.si\/kljuci\/wp-content\/uploads\/2021\/01\/avtodaljinci-smart-36x30.jpeg 36w, https:\/\/kljuci-cena.si\/kljuci\/wp-content\/uploads\/2021\/01\/avtodaljinci-smart-48x40.jpeg 48w, https:\/\/kljuci-cena.si\/kljuci\/wp-content\/uploads\/2021\/01\/avtodaljinci-smart.jpeg 1120w\" sizes=\"(max-width: 300px) 100vw, 300px\" \/><\/figure><\/li><li class=\"blocks-gallery-item\"><figure><img loading=\"lazy\" decoding=\"async\" width=\"300\" height=\"111\" src=\"https:\/\/kljuci-cena.si\/kljuci\/wp-content\/uploads\/2021\/01\/avtodaljincifashion-300x111.png\" alt=\"\" data-id=\"320\" data-full-url=\"https:\/\/kljuci-cena.si\/kljuci\/wp-content\/uploads\/2021\/01\/avtodaljincifashion.png\" data-link=\"https:\/\/kljuci-cena.si\/kljuci\/?attachment_id=320\" class=\"wp-image-320\" srcset=\"https:\/\/kljuci-cena.si\/kljuci\/wp-content\/uploads\/2021\/01\/avtodaljincifashion-300x111.png 300w, https:\/\/kljuci-cena.si\/kljuci\/wp-content\/uploads\/2021\/01\/avtodaljincifashion-1024x378.png 1024w, https:\/\/kljuci-cena.si\/kljuci\/wp-content\/uploads\/2021\/01\/avtodaljincifashion-768x284.png 768w, https:\/\/kljuci-cena.si\/kljuci\/wp-content\/uploads\/2021\/01\/avtodaljincifashion-24x9.png 24w, https:\/\/kljuci-cena.si\/kljuci\/wp-content\/uploads\/2021\/01\/avtodaljincifashion-36x13.png 36w, https:\/\/kljuci-cena.si\/kljuci\/wp-content\/uploads\/2021\/01\/avtodaljincifashion-48x18.png 48w, https:\/\/kljuci-cena.si\/kljuci\/wp-content\/uploads\/2021\/01\/avtodaljincifashion.png 1099w\" sizes=\"(max-width: 300px) 100vw, 300px\" \/><\/figure><\/li><\/ul><\/figure>\n","protected":false},"excerpt":{"rendered":"<p>Avto daljinci Pri nas in na\u0161ih partnerjih vam izdelamo\u00a0 polno-funkcionalne klju\u010de z daljincem (KeyDiy),\u00a0tudi tiste, za katere ste do nedavnega morali na\u00a0uradni servis. Rezanje mehanske&hellip;<\/p>\n","protected":false},"author":1,"featured_media":86,"parent":0,"menu_order":0,"comment_status":"closed","ping_status":"closed","template":"","meta":{"footnotes":""},"class_list":["post-316","page","type-page","status-publish","has-post-thumbnail","hentry"],"_links":{"self":[{"href":"https:\/\/kljuci-cena.si\/kljuci\/wp-json\/wp\/v2\/pages\/316","targetHints":{"allow":["GET"]}}],"collection":[{"href":"https:\/\/kljuci-cena.si\/kljuci\/wp-json\/wp\/v2\/pages"}],"about":[{"href":"https:\/\/kljuci-cena.si\/kljuci\/wp-json\/wp\/v2\/types\/page"}],"author":[{"embeddable":true,"href":"https:\/\/kljuci-cena.si\/kljuci\/wp-json\/wp\/v2\/users\/1"}],"replies":[{"embeddable":true,"href":"https:\/\/kljuci-cena.si\/kljuci\/wp-json\/wp\/v2\/comments?post=316"}],"version-history":[{"count":1,"href":"https:\/\/kljuci-cena.si\/kljuci\/wp-json\/wp\/v2\/pages\/316\/revisions"}],"predecessor-version":[{"id":322,"href":"https:\/\/kljuci-cena.si\/kljuci\/wp-json\/wp\/v2\/pages\/316\/revisions\/322"}],"wp:featuredmedia":[{"embeddable":true,"href":"https:\/\/kljuci-cena.si\/kljuci\/wp-json\/wp\/v2\/media\/86"}],"wp:attachment":[{"href":"https:\/\/kljuci-cena.si\/kljuci\/wp-json\/wp\/v2\/media?parent=316"}],"curies":[{"name":"wp","href":"https:\/\/api.w.org\/{rel}","templated":true}]}}