{"id":323,"date":"2021-01-08T14:41:04","date_gmt":"2021-01-08T13:41:04","guid":{"rendered":"https:\/\/kljuci-cena.si\/kljuci\/?page_id=323"},"modified":"2021-01-08T14:41:05","modified_gmt":"2021-01-08T13:41:05","slug":"avtomobilski-kljuci-s-transponderjem","status":"publish","type":"page","link":"https:\/\/kljuci-cena.si\/kljuci\/avtomobilski-kljuci-s-transponderjem\/","title":{"rendered":"Avtomobilski klju\u010di s transponderjem"},"content":{"rendered":"\n<h1 class=\"wp-block-heading\">Avtomobilski klju\u010di s transponderjem<\/h1>\n\n\n\n<p>Avtomobilski klju\u010di s tranponderjem omogo\u010dajo ro\u010dno odklepanje in zaklepanje vseh klju\u010davnic na vozilu, vklju\u010dno z v\u017eigom. To velja tudi za vozila, na katerih v originalu vrata odklepate z daljincem. <\/p>\n\n\n\n<p>So cenej\u0161a alternativa, kadar \u017eelite le rezervni klju\u010d, s katerim lahko odklenete in v\u017egete vozilo, ne potrebujete pa daljinca. Imeti dodaten Avtomobilski klju\u010d s transponderjem vam je pametna odlo\u010ditev, saj si s tem prihranite veliko \u010dasa, sivih las in nekaj-sto eurov drago menjavo avtomobilskih klju\u010davnic.<\/p>\n\n\n\n<figure class=\"wp-block-image size-large\"><img fetchpriority=\"high\" decoding=\"async\" width=\"896\" height=\"623\" src=\"https:\/\/kljuci-cena.si\/kljuci\/wp-content\/uploads\/2021\/01\/silca-flip-key.png\" alt=\"\" class=\"wp-image-324\" srcset=\"https:\/\/kljuci-cena.si\/kljuci\/wp-content\/uploads\/2021\/01\/silca-flip-key.png 896w, https:\/\/kljuci-cena.si\/kljuci\/wp-content\/uploads\/2021\/01\/silca-flip-key-300x209.png 300w, https:\/\/kljuci-cena.si\/kljuci\/wp-content\/uploads\/2021\/01\/silca-flip-key-768x534.png 768w, https:\/\/kljuci-cena.si\/kljuci\/wp-content\/uploads\/2021\/01\/silca-flip-key-24x17.png 24w, https:\/\/kljuci-cena.si\/kljuci\/wp-content\/uploads\/2021\/01\/silca-flip-key-36x25.png 36w, https:\/\/kljuci-cena.si\/kljuci\/wp-content\/uploads\/2021\/01\/silca-flip-key-48x33.png 48w\" sizes=\"(max-width: 896px) 100vw, 896px\" \/><\/figure>\n","protected":false},"excerpt":{"rendered":"<p>Avtomobilski klju\u010di s transponderjem Avtomobilski klju\u010di s tranponderjem omogo\u010dajo ro\u010dno odklepanje in zaklepanje vseh klju\u010davnic na vozilu, vklju\u010dno z v\u017eigom. To velja tudi za vozila,&hellip;<\/p>\n","protected":false},"author":1,"featured_media":86,"parent":0,"menu_order":0,"comment_status":"closed","ping_status":"closed","template":"","meta":{"footnotes":""},"class_list":["post-323","page","type-page","status-publish","has-post-thumbnail","hentry"],"_links":{"self":[{"href":"https:\/\/kljuci-cena.si\/kljuci\/wp-json\/wp\/v2\/pages\/323","targetHints":{"allow":["GET"]}}],"collection":[{"href":"https:\/\/kljuci-cena.si\/kljuci\/wp-json\/wp\/v2\/pages"}],"about":[{"href":"https:\/\/kljuci-cena.si\/kljuci\/wp-json\/wp\/v2\/types\/page"}],"author":[{"embeddable":true,"href":"https:\/\/kljuci-cena.si\/kljuci\/wp-json\/wp\/v2\/users\/1"}],"replies":[{"embeddable":true,"href":"https:\/\/kljuci-cena.si\/kljuci\/wp-json\/wp\/v2\/comments?post=323"}],"version-history":[{"count":1,"href":"https:\/\/kljuci-cena.si\/kljuci\/wp-json\/wp\/v2\/pages\/323\/revisions"}],"predecessor-version":[{"id":325,"href":"https:\/\/kljuci-cena.si\/kljuci\/wp-json\/wp\/v2\/pages\/323\/revisions\/325"}],"wp:featuredmedia":[{"embeddable":true,"href":"https:\/\/kljuci-cena.si\/kljuci\/wp-json\/wp\/v2\/media\/86"}],"wp:attachment":[{"href":"https:\/\/kljuci-cena.si\/kljuci\/wp-json\/wp\/v2\/media?parent=323"}],"curies":[{"name":"wp","href":"https:\/\/api.w.org\/{rel}","templated":true}]}}