{"id":326,"date":"2021-01-08T14:42:19","date_gmt":"2021-01-08T13:42:19","guid":{"rendered":"https:\/\/kljuci-cena.si\/kljuci\/?page_id=326"},"modified":"2021-01-08T14:42:19","modified_gmt":"2021-01-08T13:42:19","slug":"avtomobilski-kljuci-classic","status":"publish","type":"page","link":"https:\/\/kljuci-cena.si\/kljuci\/avtomobilski-kljuci-classic\/","title":{"rendered":"Avtomobilski klju\u010di &#8211; classic"},"content":{"rendered":"\n<h1 class=\"wp-block-heading\">Avtomobilski klju\u010di &#8211; classic<\/h1>\n\n\n\n<h2 class=\"wp-block-heading\">Za vozila brez kodnega v\u017eiga!<\/h2>\n\n\n\n<p>V ponudbi imamo tudi klju\u010de za vse znamke in modele vozil, ki za v\u017eig ne potrebujejo \u010dipa\/transponderja.<\/p>\n\n\n\n<p>Vsi na\u0161i klju\u010di so izdelani iz materialov, ki so prilagojeni minimalni obrabi klju\u010davnice na va\u0161em avtomobilu. S tem imate zagotovljeno dolgoletno brezskrbno uporabo brez prekomerne obrabe klju\u010davnice.<\/p>\n","protected":false},"excerpt":{"rendered":"<p>Avtomobilski klju\u010di &#8211; classic Za vozila brez kodnega v\u017eiga! V ponudbi imamo tudi klju\u010de za vse znamke in modele vozil, ki za v\u017eig ne potrebujejo&hellip;<\/p>\n","protected":false},"author":1,"featured_media":86,"parent":0,"menu_order":0,"comment_status":"closed","ping_status":"closed","template":"","meta":{"footnotes":""},"class_list":["post-326","page","type-page","status-publish","has-post-thumbnail","hentry"],"_links":{"self":[{"href":"https:\/\/kljuci-cena.si\/kljuci\/wp-json\/wp\/v2\/pages\/326","targetHints":{"allow":["GET"]}}],"collection":[{"href":"https:\/\/kljuci-cena.si\/kljuci\/wp-json\/wp\/v2\/pages"}],"about":[{"href":"https:\/\/kljuci-cena.si\/kljuci\/wp-json\/wp\/v2\/types\/page"}],"author":[{"embeddable":true,"href":"https:\/\/kljuci-cena.si\/kljuci\/wp-json\/wp\/v2\/users\/1"}],"replies":[{"embeddable":true,"href":"https:\/\/kljuci-cena.si\/kljuci\/wp-json\/wp\/v2\/comments?post=326"}],"version-history":[{"count":1,"href":"https:\/\/kljuci-cena.si\/kljuci\/wp-json\/wp\/v2\/pages\/326\/revisions"}],"predecessor-version":[{"id":327,"href":"https:\/\/kljuci-cena.si\/kljuci\/wp-json\/wp\/v2\/pages\/326\/revisions\/327"}],"wp:featuredmedia":[{"embeddable":true,"href":"https:\/\/kljuci-cena.si\/kljuci\/wp-json\/wp\/v2\/media\/86"}],"wp:attachment":[{"href":"https:\/\/kljuci-cena.si\/kljuci\/wp-json\/wp\/v2\/media?parent=326"}],"curies":[{"name":"wp","href":"https:\/\/api.w.org\/{rel}","templated":true}]}}