{"id":333,"date":"2021-01-08T14:54:20","date_gmt":"2021-01-08T13:54:20","guid":{"rendered":"https:\/\/kljuci-cena.si\/kljuci\/?page_id=333"},"modified":"2021-01-08T14:58:30","modified_gmt":"2021-01-08T13:58:30","slug":"pametne-kljucavnice-aries-smart","status":"publish","type":"page","link":"https:\/\/kljuci-cena.si\/kljuci\/za-dom\/pametne-kljucavnice-aries-smart\/","title":{"rendered":"Pametne klju\u010davnice &#8211; Aries SMART"},"content":{"rendered":"\n<h2 class=\"wp-block-heading\">Pametne klju\u010davnice<br>Aries SMART<\/h2>\n\n\n\n<blockquote class=\"wp-block-quote is-style-large is-layout-flow wp-block-quote-is-layout-flow\"><p>Na\u0161a najbolje prodajana verzija SMART klju\u010davnice!<\/p><\/blockquote>\n\n\n\n<p><br>Aries SMART zdru\u017euje:<br>\u2022 elegantno varnostno okovje s kljukami, izdelano iz nerjave\u010dega jekla<br>\u2022 ve\u010d-pasovni \u010ditalnik RFiD kartic, obeskov, zapestnic<br>\u2022 Blue-tooth vmesnik za uporabo s pametnim telefonom<br>\u00a0<br>Za delovanje ne potrebuje:<br>\u2022 nobene napeljave za napajanje iz omre\u017eja<br>\u2022 nobene napeljave za komunikacijo z ra\u010dunalnikom<br>\u2022 nobene zahtevne in drage programske opreme<br>\u2022 nobene posebne klju\u010davnice (ohranite va\u0161 obstoje\u010di mehanizem)<br>\u2022 \u2026..<br>\u00a0<br>Mo\u017eno jo je namestiti na:<br>\u2022 Lesena vrata<br>\u2022 PVC vrata<br>\u2022 ALU in Kovinska vrata<br>\u2022 Zasilne izhode (po standardu EN179 in EN1125)<br>\u2022 Mehanizme v vseh standardih (92mm, 90mm, 88mm, 85mm,\u2026.)<br>\u2022 Tudi na ve\u010dino ve\u010dto\u010dkovnih mehanizmov\u00a0<br>\u00a0<br>Aries SMART lahko odklepate s:<br>\u2022 pametnim telefonom<br>\u2022 RFiD pametno kartico ali obeskom<br>\u2022 iWatch uro<br>\u2022 klju\u010dem<br>\u00a0<br>Administrator lahko preko brezpla\u010dne aplikacije ARGO:<br>\u2022 omogo\u010di dostop lokalno (do 300 razli\u010dnim uporabnikom)<br>\u2022 omogo\u010di dostop na daljavo (do 300 razli\u010dnim uporabnikom)<br>\u2022 odvzame dostop<br>\u2022 spremeni re\u017eim dostopa<br>\u2022 omeji dostop samo na dolo\u010dene ure (npr. 8.00-12.00)<br>\u2022 omeji dostop samo na dolo\u010dene dni (npr. samo Torek in Sreda)<br>\u2022 omeji dostop samo na dolo\u010deno obdobje \u00a0(npr. 1.3.2019 &#8211; 15.3.2019)<br>\u2022 dostopa do zgodovine zadnjih 1.000 odpiranj<br>\u2022 posreduje zgodovino preko e-po\u0161te<br>\u2022 \u2026..<\/p>\n\n\n\n<figure class=\"wp-block-image size-large\"><img fetchpriority=\"high\" decoding=\"async\" width=\"1024\" height=\"1024\" src=\"https:\/\/kljuci-cena.si\/kljuci\/wp-content\/uploads\/2021\/01\/arise-smart-1024x1024.jpg\" alt=\"\" class=\"wp-image-334\" srcset=\"https:\/\/kljuci-cena.si\/kljuci\/wp-content\/uploads\/2021\/01\/arise-smart-1024x1024.jpg 1024w, https:\/\/kljuci-cena.si\/kljuci\/wp-content\/uploads\/2021\/01\/arise-smart-300x300.jpg 300w, https:\/\/kljuci-cena.si\/kljuci\/wp-content\/uploads\/2021\/01\/arise-smart-150x150.jpg 150w, https:\/\/kljuci-cena.si\/kljuci\/wp-content\/uploads\/2021\/01\/arise-smart-768x768.jpg 768w, https:\/\/kljuci-cena.si\/kljuci\/wp-content\/uploads\/2021\/01\/arise-smart-24x24.jpg 24w, https:\/\/kljuci-cena.si\/kljuci\/wp-content\/uploads\/2021\/01\/arise-smart-36x36.jpg 36w, https:\/\/kljuci-cena.si\/kljuci\/wp-content\/uploads\/2021\/01\/arise-smart-48x48.jpg 48w, https:\/\/kljuci-cena.si\/kljuci\/wp-content\/uploads\/2021\/01\/arise-smart.jpg 1120w\" sizes=\"(max-width: 1024px) 100vw, 1024px\" \/><\/figure>\n","protected":false},"excerpt":{"rendered":"<p>Pametne klju\u010davniceAries SMART Na\u0161a najbolje prodajana verzija SMART klju\u010davnice! Aries SMART zdru\u017euje:\u2022 elegantno varnostno okovje s kljukami, izdelano iz nerjave\u010dega jekla\u2022 ve\u010d-pasovni \u010ditalnik RFiD kartic,&hellip;<\/p>\n","protected":false},"author":1,"featured_media":335,"parent":58,"menu_order":0,"comment_status":"closed","ping_status":"closed","template":"","meta":{"footnotes":""},"class_list":["post-333","page","type-page","status-publish","has-post-thumbnail","hentry"],"_links":{"self":[{"href":"https:\/\/kljuci-cena.si\/kljuci\/wp-json\/wp\/v2\/pages\/333","targetHints":{"allow":["GET"]}}],"collection":[{"href":"https:\/\/kljuci-cena.si\/kljuci\/wp-json\/wp\/v2\/pages"}],"about":[{"href":"https:\/\/kljuci-cena.si\/kljuci\/wp-json\/wp\/v2\/types\/page"}],"author":[{"embeddable":true,"href":"https:\/\/kljuci-cena.si\/kljuci\/wp-json\/wp\/v2\/users\/1"}],"replies":[{"embeddable":true,"href":"https:\/\/kljuci-cena.si\/kljuci\/wp-json\/wp\/v2\/comments?post=333"}],"version-history":[{"count":3,"href":"https:\/\/kljuci-cena.si\/kljuci\/wp-json\/wp\/v2\/pages\/333\/revisions"}],"predecessor-version":[{"id":340,"href":"https:\/\/kljuci-cena.si\/kljuci\/wp-json\/wp\/v2\/pages\/333\/revisions\/340"}],"up":[{"embeddable":true,"href":"https:\/\/kljuci-cena.si\/kljuci\/wp-json\/wp\/v2\/pages\/58"}],"wp:featuredmedia":[{"embeddable":true,"href":"https:\/\/kljuci-cena.si\/kljuci\/wp-json\/wp\/v2\/media\/335"}],"wp:attachment":[{"href":"https:\/\/kljuci-cena.si\/kljuci\/wp-json\/wp\/v2\/media?parent=333"}],"curies":[{"name":"wp","href":"https:\/\/api.w.org\/{rel}","templated":true}]}}