{"id":35,"date":"2021-01-04T11:33:05","date_gmt":"2021-01-04T10:33:05","guid":{"rendered":"https:\/\/kljuci-cena.si\/kljuci\/?page_id=35"},"modified":"2021-01-05T15:52:35","modified_gmt":"2021-01-05T14:52:35","slug":"izdelava-kljucev","status":"publish","type":"page","link":"https:\/\/kljuci-cena.si\/kljuci\/izdelava-kljucev\/","title":{"rendered":"Izdelovanje klju\u010dev"},"content":{"rendered":"\n<h1 class=\"wp-block-heading\">Izdelovanje klju\u010dev<\/h1>\n\n\n\n<p>Pri nas vam hitro in kvalitetno:<br>\u2022 izdelamo\u00a0<strong>dodatne klju\u010de<\/strong>\u00a0vseh vrst;<br>\u2022 izdelamo\u00a0<strong>nadomestni avtomobilski klju\u010d<\/strong>;<br>\u2022 montiramo cilindri\u010dne vlo\u017eke ter sisteme za zaklepanje in \u0161e mnogo ve\u010d &#8230;<br><br>HITRA POMO\u010c\u00a0<strong>031 681 074<\/strong>\u00a0&#8211;\u00a0INTERVENCIJA<br>Vedno smo pripravljeni, \u010de potrebujete menjavo klju\u010davnic, cilindrov ..<br>\u2022 \u010de so Vam vlomili;<br>\u2022 v primeru da izgubite klju\u010d ali se\u00a0<strong>zaklenete iz stanovanja<\/strong>,\u00a0<strong>avtomobila<\/strong>\u00a0&#8230;<br>Na\u0161a slu\u017eba za\u00a0<strong>intervencijo na terenu<\/strong>\u00a0vam hitro prisko\u010di na pomo\u010d v \u010dim kraj\u0161em \u010dasu.<\/p>\n\n\n\n<p><strong>ASSA ABLOY<\/strong>&nbsp;&#8211;&nbsp;PRODAJNA TO\u010cKA<br>ASSA ABLOY je vodilno globalno podjetje na podro\u010dju re\u0161itev odpiranja vrat, \u0161e posebej usmerjeno zagotavljanju potreb po varnosti, za\u0161\u010diti in udobju slehernega posameznika.<br><br><strong>Ponudba:<\/strong><br>\u2022 sistemi generalnega klju\u010da;<br>\u2022 obe\u0161anke;<br>\u2022 varnostna okovja;<br>\u2022 vratna zapirala;<br>\u2022 naprave za zasilne izhode;<br>\u2022 elektri\u010dne klju\u010davnice;<br>\u2022 industrijske klju\u010davnice;<br>\u2022 okovja za notranja vrata.<\/p>\n","protected":false},"excerpt":{"rendered":"<p>Izdelovanje klju\u010dev Pri nas vam hitro in kvalitetno:\u2022 izdelamo\u00a0dodatne klju\u010de\u00a0vseh vrst;\u2022 izdelamo\u00a0nadomestni avtomobilski klju\u010d;\u2022 montiramo cilindri\u010dne vlo\u017eke ter sisteme za zaklepanje in \u0161e mnogo ve\u010d&hellip;<\/p>\n","protected":false},"author":1,"featured_media":81,"parent":0,"menu_order":0,"comment_status":"closed","ping_status":"closed","template":"","meta":{"footnotes":""},"class_list":["post-35","page","type-page","status-publish","has-post-thumbnail","hentry"],"_links":{"self":[{"href":"https:\/\/kljuci-cena.si\/kljuci\/wp-json\/wp\/v2\/pages\/35","targetHints":{"allow":["GET"]}}],"collection":[{"href":"https:\/\/kljuci-cena.si\/kljuci\/wp-json\/wp\/v2\/pages"}],"about":[{"href":"https:\/\/kljuci-cena.si\/kljuci\/wp-json\/wp\/v2\/types\/page"}],"author":[{"embeddable":true,"href":"https:\/\/kljuci-cena.si\/kljuci\/wp-json\/wp\/v2\/users\/1"}],"replies":[{"embeddable":true,"href":"https:\/\/kljuci-cena.si\/kljuci\/wp-json\/wp\/v2\/comments?post=35"}],"version-history":[{"count":7,"href":"https:\/\/kljuci-cena.si\/kljuci\/wp-json\/wp\/v2\/pages\/35\/revisions"}],"predecessor-version":[{"id":299,"href":"https:\/\/kljuci-cena.si\/kljuci\/wp-json\/wp\/v2\/pages\/35\/revisions\/299"}],"wp:featuredmedia":[{"embeddable":true,"href":"https:\/\/kljuci-cena.si\/kljuci\/wp-json\/wp\/v2\/media\/81"}],"wp:attachment":[{"href":"https:\/\/kljuci-cena.si\/kljuci\/wp-json\/wp\/v2\/media?parent=35"}],"curies":[{"name":"wp","href":"https:\/\/api.w.org\/{rel}","templated":true}]}}