{"id":363,"date":"2021-01-08T15:31:29","date_gmt":"2021-01-08T14:31:29","guid":{"rendered":"https:\/\/kljuci-cena.si\/kljuci\/?page_id=363"},"modified":"2021-01-08T15:38:11","modified_gmt":"2021-01-08T14:38:11","slug":"keso-elektronski-sistem-zaklepanja-entr-lock","status":"publish","type":"page","link":"https:\/\/kljuci-cena.si\/kljuci\/keso-elektronski-sistem-zaklepanja-entr-lock\/","title":{"rendered":"KESO Elektronski sistem zaklepanja"},"content":{"rendered":"\n<h1 class=\"wp-block-heading\">KESO elektronski sistem zaklepanja ENTR LOCK<\/h1>\n\n\n\n<blockquote class=\"wp-block-quote is-style-large is-layout-flow wp-block-quote-is-layout-flow\"><p><strong><span class=\"has-inline-color has-vivid-red-color\">Zagotovite si varnost<\/span><\/strong><\/p><\/blockquote>\n\n\n\n<h3 class=\"wp-block-heading\">Priro\u010dnost in pametni nadzor<\/h3>\n\n\n\n<p>Z zdru\u017eevanjem KESO visoko-varnostnih izdelkov z dana\u0161njo napredno tehnologijo, vam <strong>ENTR nudi varen in enostaven nadzor nad dostopom do va\u0161ega doma<\/strong>. Izbirate lahko med raznolikimi na\u010dini za odklepanje vrat, vnaprej programiranim dostopom in \u0161e mmnogo ve\u010d. ENTR vam omogo\u010da nadzor vstopa v va\u0161 dom s pomo\u010djo mobilne aplikacije, \u010ditalnca prstnih odtisov, pin kode ali daljinskega upravljalca &#8211; <strong>izberite najbolj\u0161i na\u010din ali kombinacijo, ki bo ustrezala va\u0161im potrebam<\/strong>.<\/p>\n\n\n\n<figure class=\"wp-block-gallery columns-2 is-cropped wp-block-gallery-1 is-layout-flex wp-block-gallery-is-layout-flex\"><ul class=\"blocks-gallery-grid\"><li class=\"blocks-gallery-item\"><figure><img fetchpriority=\"high\" decoding=\"async\" width=\"912\" height=\"1024\" src=\"https:\/\/kljuci-cena.si\/kljuci\/wp-content\/uploads\/2021\/01\/keso-entr-lock-912x1024.jpg\" alt=\"\" data-id=\"369\" data-full-url=\"https:\/\/kljuci-cena.si\/kljuci\/wp-content\/uploads\/2021\/01\/keso-entr-lock.jpg\" data-link=\"https:\/\/kljuci-cena.si\/kljuci\/keso-elektronski-sistem-zaklepanja-entr-lock\/keso-entr-lock\/\" class=\"wp-image-369\" srcset=\"https:\/\/kljuci-cena.si\/kljuci\/wp-content\/uploads\/2021\/01\/keso-entr-lock-912x1024.jpg 912w, https:\/\/kljuci-cena.si\/kljuci\/wp-content\/uploads\/2021\/01\/keso-entr-lock-267x300.jpg 267w, https:\/\/kljuci-cena.si\/kljuci\/wp-content\/uploads\/2021\/01\/keso-entr-lock-768x862.jpg 768w, https:\/\/kljuci-cena.si\/kljuci\/wp-content\/uploads\/2021\/01\/keso-entr-lock-21x24.jpg 21w, https:\/\/kljuci-cena.si\/kljuci\/wp-content\/uploads\/2021\/01\/keso-entr-lock-32x36.jpg 32w, https:\/\/kljuci-cena.si\/kljuci\/wp-content\/uploads\/2021\/01\/keso-entr-lock-43x48.jpg 43w, https:\/\/kljuci-cena.si\/kljuci\/wp-content\/uploads\/2021\/01\/keso-entr-lock.jpg 1100w\" sizes=\"(max-width: 912px) 100vw, 912px\" \/><\/figure><\/li><li class=\"blocks-gallery-item\"><figure><img decoding=\"async\" width=\"1024\" height=\"705\" src=\"https:\/\/kljuci-cena.si\/kljuci\/wp-content\/uploads\/2021\/01\/keso-entr-lock-main-1024x705.jpg\" alt=\"\" data-id=\"368\" data-full-url=\"https:\/\/kljuci-cena.si\/kljuci\/wp-content\/uploads\/2021\/01\/keso-entr-lock-main.jpg\" data-link=\"https:\/\/kljuci-cena.si\/kljuci\/keso-elektronski-sistem-zaklepanja-entr-lock\/keso-entr-lock-main\/\" class=\"wp-image-368\" srcset=\"https:\/\/kljuci-cena.si\/kljuci\/wp-content\/uploads\/2021\/01\/keso-entr-lock-main-1024x705.jpg 1024w, https:\/\/kljuci-cena.si\/kljuci\/wp-content\/uploads\/2021\/01\/keso-entr-lock-main-300x206.jpg 300w, https:\/\/kljuci-cena.si\/kljuci\/wp-content\/uploads\/2021\/01\/keso-entr-lock-main-768x529.jpg 768w, https:\/\/kljuci-cena.si\/kljuci\/wp-content\/uploads\/2021\/01\/keso-entr-lock-main-24x17.jpg 24w, https:\/\/kljuci-cena.si\/kljuci\/wp-content\/uploads\/2021\/01\/keso-entr-lock-main-36x25.jpg 36w, https:\/\/kljuci-cena.si\/kljuci\/wp-content\/uploads\/2021\/01\/keso-entr-lock-main-48x33.jpg 48w, https:\/\/kljuci-cena.si\/kljuci\/wp-content\/uploads\/2021\/01\/keso-entr-lock-main.jpg 1100w\" sizes=\"(max-width: 1024px) 100vw, 1024px\" \/><\/figure><\/li><li class=\"blocks-gallery-item\"><figure><img decoding=\"async\" width=\"1000\" height=\"595\" src=\"https:\/\/kljuci-cena.si\/kljuci\/wp-content\/uploads\/2021\/01\/keso-entr-lock-app.jpg\" alt=\"\" data-id=\"367\" data-full-url=\"https:\/\/kljuci-cena.si\/kljuci\/wp-content\/uploads\/2021\/01\/keso-entr-lock-app.jpg\" data-link=\"https:\/\/kljuci-cena.si\/kljuci\/keso-elektronski-sistem-zaklepanja-entr-lock\/keso-entr-lock-app\/\" class=\"wp-image-367\" srcset=\"https:\/\/kljuci-cena.si\/kljuci\/wp-content\/uploads\/2021\/01\/keso-entr-lock-app.jpg 1000w, https:\/\/kljuci-cena.si\/kljuci\/wp-content\/uploads\/2021\/01\/keso-entr-lock-app-300x179.jpg 300w, https:\/\/kljuci-cena.si\/kljuci\/wp-content\/uploads\/2021\/01\/keso-entr-lock-app-768x457.jpg 768w, https:\/\/kljuci-cena.si\/kljuci\/wp-content\/uploads\/2021\/01\/keso-entr-lock-app-24x14.jpg 24w, https:\/\/kljuci-cena.si\/kljuci\/wp-content\/uploads\/2021\/01\/keso-entr-lock-app-36x21.jpg 36w, https:\/\/kljuci-cena.si\/kljuci\/wp-content\/uploads\/2021\/01\/keso-entr-lock-app-48x29.jpg 48w\" sizes=\"(max-width: 1000px) 100vw, 1000px\" \/><\/figure><\/li><\/ul><\/figure>\n\n\n\n<h3 class=\"wp-block-heading\">Enostavna nadgradnja va\u0161ih vrat<\/h3>\n\n\n\n<p>ENTR ponuja enostavno nadgradnjo va\u0161ih obstoje\u010dih vrat. Odstranite star cilinder, namestite ENTR in nadzor bo v trenutku v va\u0161ih rokah.<\/p>\n\n\n\n<blockquote class=\"wp-block-quote is-layout-flow wp-block-quote-is-layout-flow\"><p><strong>Nadzor nad zaklepanjem vrat<\/strong><\/p><p><strong>Spremenite svoja vrata v pametna. Priskrbite si ENTR pametno re\u0161itev zaklepanja, ki vam omogo\u010da nadzor nad zaklepanjem vrat kar s pomo\u010djo va\u0161ega pametnega telefona, tablice ali katere druge naprave.<\/strong><\/p><\/blockquote>\n\n\n\n<p><\/p>\n\n\n\n<p>Z ENTR aplikacijo lahko zaklepate in odklepate vrata, s pomo\u010djo va\u0161ega pametnega telefona, tabli\u010dnega ra\u010dunalnika ali katere koli druge Bluetooth naprave, kar vam omogo\u010da 24-urni nadzor in upravljanje.<\/p>\n\n\n\n<ul class=\"wp-block-list\"><li>Ustvarjajte, podvajajte in uporabite virtualne klju\u010de za odpiranje vrat kar preko pametnega telefona, tablice ali drugih Bluetooth naprav.<\/li><li>Uporabljena je kodirana pametna Bluetooth tehnologija, ki je neodvisna od omre\u017enega signala<\/li><li>Prejemanje obvestil &#8211; odklenjena\/zaklenjena vrata, napolnjenost baterije.<\/li><li>Samoupravljanje virtulnih klju\u010dev in programiranje planiranih avtorizacij dostopa<\/li><li>Tehni\u010dna pomo\u010d z uporabo va\u0161ega pametnega telefona<\/li><\/ul>\n\n\n\n<h3 class=\"wp-block-heading\">ENTR stenski \u010ditalec z zaslonom na dotik<\/h3>\n\n\n\n<p><strong>Dolo\u010dite kar do 20 razli\u010dnih kod<\/strong>. Po programiranju kode v sistem jo boste lahko uporabili za varno odklepanje vrat. Enostavna namestitev in programiranje.<\/p>\n\n\n\n<h3 class=\"wp-block-heading\">ENTR stenski \u010ditalec prstnih odtisov<\/h3>\n\n\n\n<p>Stenski \u010ditalec prstnih odtisov vam nudi nadzor in funkcionalnost, ki vam omogo\u010da dolo\u010ditev do 20 razli\u010dnih uporabnikov. <strong>Izbirate lahko med uporabo prstnih odtisov in kod<\/strong>. Avtorizacijo uporabnikov je mogo\u010de enostavno upravljati in na\u010drtovati.<\/p>\n\n\n\n<h3 class=\"wp-block-heading\">ENTR daljinski upravljalnik<\/h3>\n\n\n\n<p><strong>Samostojni daljinski upravljalnik<\/strong> odklene vrata na daljavo &#8211; tako od zunaj kot tudi od znotraj. Sistem se lahko upravlja z do 20 daljinskimi upravljalniki<\/p>\n\n\n\n<h3 class=\"wp-block-heading\">ENTR polnilci<\/h3>\n\n\n\n<p><strong>ENTR baterije za ponovno polnjenje so vzdr\u017eljive in ekolo\u0161ko prijazne<\/strong>. Izbirate lahko med dvema na\u010dinoma polnjenja &#8211; \u017ei\u010dnim ali brez\u017ei\u010dnim &#8211; ter enostavno poskrbite, da je va\u0161 ENTR vedno v stanju pripravljenosti.<\/p>\n\n\n\n<figure class=\"wp-block-embed is-type-video is-provider-youtube wp-block-embed-youtube wp-embed-aspect-16-9 wp-has-aspect-ratio\"><div class=\"wp-block-embed__wrapper\">\n<iframe title=\"KESO ENTR - Smart Lock Solution\" width=\"843\" height=\"474\" src=\"https:\/\/www.youtube.com\/embed\/HdYhPhd2X1g?feature=oembed\" frameborder=\"0\" allow=\"accelerometer; autoplay; clipboard-write; encrypted-media; gyroscope; picture-in-picture\" allowfullscreen><\/iframe>\n<\/div><\/figure>\n","protected":false},"excerpt":{"rendered":"<p>KESO elektronski sistem zaklepanja ENTR LOCK Zagotovite si varnost Priro\u010dnost in pametni nadzor Z zdru\u017eevanjem KESO visoko-varnostnih izdelkov z dana\u0161njo napredno tehnologijo, vam ENTR nudi&hellip;<\/p>\n","protected":false},"author":1,"featured_media":366,"parent":0,"menu_order":0,"comment_status":"closed","ping_status":"closed","template":"","meta":{"footnotes":""},"class_list":["post-363","page","type-page","status-publish","has-post-thumbnail","hentry"],"_links":{"self":[{"href":"https:\/\/kljuci-cena.si\/kljuci\/wp-json\/wp\/v2\/pages\/363","targetHints":{"allow":["GET"]}}],"collection":[{"href":"https:\/\/kljuci-cena.si\/kljuci\/wp-json\/wp\/v2\/pages"}],"about":[{"href":"https:\/\/kljuci-cena.si\/kljuci\/wp-json\/wp\/v2\/types\/page"}],"author":[{"embeddable":true,"href":"https:\/\/kljuci-cena.si\/kljuci\/wp-json\/wp\/v2\/users\/1"}],"replies":[{"embeddable":true,"href":"https:\/\/kljuci-cena.si\/kljuci\/wp-json\/wp\/v2\/comments?post=363"}],"version-history":[{"count":5,"href":"https:\/\/kljuci-cena.si\/kljuci\/wp-json\/wp\/v2\/pages\/363\/revisions"}],"predecessor-version":[{"id":375,"href":"https:\/\/kljuci-cena.si\/kljuci\/wp-json\/wp\/v2\/pages\/363\/revisions\/375"}],"wp:featuredmedia":[{"embeddable":true,"href":"https:\/\/kljuci-cena.si\/kljuci\/wp-json\/wp\/v2\/media\/366"}],"wp:attachment":[{"href":"https:\/\/kljuci-cena.si\/kljuci\/wp-json\/wp\/v2\/media?parent=363"}],"curies":[{"name":"wp","href":"https:\/\/api.w.org\/{rel}","templated":true}]}}