{"id":71,"date":"2021-01-04T14:35:21","date_gmt":"2021-01-04T13:35:21","guid":{"rendered":"https:\/\/kljuci-cena.si\/kljuci\/?page_id=71"},"modified":"2021-01-04T18:04:30","modified_gmt":"2021-01-04T17:04:30","slug":"univerzalni-daljinci","status":"publish","type":"page","link":"https:\/\/kljuci-cena.si\/kljuci\/univerzalni-daljinci\/","title":{"rendered":"Univerzalni daljinci"},"content":{"rendered":"\n<h1 class=\"wp-block-heading\">Univerzalni daljinci<\/h1>\n\n\n\n<ul class=\"wp-block-list\"><li>za gara\u017ena vrata<\/li><li>za avtomatska vrata<\/li><li>za zapornice<\/li><\/ul>\n\n\n\n<p id=\"tw-target-text\"><strong>Univerzalni sprejemnik Air4<\/strong><\/p>\n\n\n\n<p id=\"tw-target-text\">Univerzalni sprejemnik Air4 je re\u0161itev za daljinsko odpiranje name\u0161\u010denih zapornic, vrat in gara\u017enih vrat. Sprejemnik omogo\u010da odpiranje vrat ali gara\u017enih vrat s prilo\u017eenim daljinskim upravljalnikom Air4, tako da preko sprejemnika obide originalni sistem. Univerzalni sprejemnik Air4 je zdru\u017eljiv s sistemoma Air4 Home in Air4 Home Pro ter ponuja integrirano pametno re\u0161itev dostopa. <\/p>\n\n\n\n<pre class=\"wp-block-verse\" id=\"tw-target-text\">Re\u0161itev, ki vam prihrani denar in te\u017eave <\/pre>\n\n\n\n<figure class=\"wp-block-image size-large\"><img fetchpriority=\"high\" decoding=\"async\" width=\"800\" height=\"465\" src=\"https:\/\/kljuci-cena.si\/kljuci\/wp-content\/uploads\/2021\/01\/silca.png\" alt=\"\" class=\"wp-image-78\" srcset=\"https:\/\/kljuci-cena.si\/kljuci\/wp-content\/uploads\/2021\/01\/silca.png 800w, https:\/\/kljuci-cena.si\/kljuci\/wp-content\/uploads\/2021\/01\/silca-300x174.png 300w, https:\/\/kljuci-cena.si\/kljuci\/wp-content\/uploads\/2021\/01\/silca-768x446.png 768w\" sizes=\"(max-width: 800px) 100vw, 800px\" \/><\/figure>\n\n\n\n<pre class=\"wp-block-verse\">Izognite se potrebi po dragi nadomestni originalni opremi<\/pre>\n\n\n\n<p><strong>Univerzalni sprejemnik Air4 je idealna re\u0161itev, kadar:<\/strong><\/p>\n\n\n\n<ul class=\"wp-block-list\"><li>originalni daljinski upravljalniki so izgubljeni; <\/li><li>dodatnih daljinskih upravljalnikov ni mogo\u010de ustvariti, ker je namestitveni program blokiral sistem; <\/li><li>uporabljena je zastarela tehnologija, ki ne dovoljuje izdelave kopij daljinskih upravljalnikov (na primer daljinski upravljalniki Quartz).<\/li><\/ul>\n\n\n\n<figure class=\"wp-block-embed is-type-video is-provider-youtube wp-block-embed-youtube wp-embed-aspect-16-9 wp-has-aspect-ratio\"><div class=\"wp-block-embed__wrapper\">\n<iframe title=\"EasyScan PLUS EN\" width=\"843\" height=\"474\" src=\"https:\/\/www.youtube.com\/embed\/S6QcLzE1hvA?feature=oembed\" frameborder=\"0\" allow=\"accelerometer; autoplay; clipboard-write; encrypted-media; gyroscope; picture-in-picture\" allowfullscreen><\/iframe>\n<\/div><\/figure>\n","protected":false},"excerpt":{"rendered":"<p>Univerzalni daljinci za gara\u017ena vrata za avtomatska vrata za zapornice Univerzalni sprejemnik Air4 Univerzalni sprejemnik Air4 je re\u0161itev za daljinsko odpiranje name\u0161\u010denih zapornic, vrat in&hellip;<\/p>\n","protected":false},"author":1,"featured_media":74,"parent":0,"menu_order":0,"comment_status":"closed","ping_status":"closed","template":"","meta":{"footnotes":""},"class_list":["post-71","page","type-page","status-publish","has-post-thumbnail","hentry"],"_links":{"self":[{"href":"https:\/\/kljuci-cena.si\/kljuci\/wp-json\/wp\/v2\/pages\/71","targetHints":{"allow":["GET"]}}],"collection":[{"href":"https:\/\/kljuci-cena.si\/kljuci\/wp-json\/wp\/v2\/pages"}],"about":[{"href":"https:\/\/kljuci-cena.si\/kljuci\/wp-json\/wp\/v2\/types\/page"}],"author":[{"embeddable":true,"href":"https:\/\/kljuci-cena.si\/kljuci\/wp-json\/wp\/v2\/users\/1"}],"replies":[{"embeddable":true,"href":"https:\/\/kljuci-cena.si\/kljuci\/wp-json\/wp\/v2\/comments?post=71"}],"version-history":[{"count":6,"href":"https:\/\/kljuci-cena.si\/kljuci\/wp-json\/wp\/v2\/pages\/71\/revisions"}],"predecessor-version":[{"id":177,"href":"https:\/\/kljuci-cena.si\/kljuci\/wp-json\/wp\/v2\/pages\/71\/revisions\/177"}],"wp:featuredmedia":[{"embeddable":true,"href":"https:\/\/kljuci-cena.si\/kljuci\/wp-json\/wp\/v2\/media\/74"}],"wp:attachment":[{"href":"https:\/\/kljuci-cena.si\/kljuci\/wp-json\/wp\/v2\/media?parent=71"}],"curies":[{"name":"wp","href":"https:\/\/api.w.org\/{rel}","templated":true}]}}