{"id":85,"date":"2021-01-04T15:01:49","date_gmt":"2021-01-04T14:01:49","guid":{"rendered":"https:\/\/kljuci-cena.si\/kljuci\/?page_id=85"},"modified":"2021-01-08T14:47:41","modified_gmt":"2021-01-08T13:47:41","slug":"za-avtomobil","status":"publish","type":"page","link":"https:\/\/kljuci-cena.si\/kljuci\/za-avtomobil\/","title":{"rendered":"Za Avtomobil"},"content":{"rendered":"\n<h2 class=\"wp-block-heading\"><a href=\"https:\/\/kljuci-cena.si\/kljuci\/avto-daljinci\/\" data-type=\"page\" data-id=\"316\">Avto daljinci<\/a><\/h2>\n\n\n\n<h2 class=\"wp-block-heading\"><a href=\"https:\/\/kljuci-cena.si\/kljuci\/za-avtomobil\/ohisja-za-avtomobilske-kljuce\/\" data-type=\"page\" data-id=\"94\">Ohi\u0161ja za avtomobilske klju\u010de<\/a><\/h2>\n\n\n\n<h2 class=\"wp-block-heading\"><a href=\"https:\/\/kljuci-cena.si\/kljuci\/avtomobilski-kljuci-s-transponderjem\/\" data-type=\"page\" data-id=\"323\">Avtomobilski klju\u010di s transponderjem<\/a><\/h2>\n\n\n\n<h2 class=\"wp-block-heading\"><a href=\"https:\/\/kljuci-cena.si\/kljuci\/avtomobilski-kljuci-classic\/\" data-type=\"page\" data-id=\"326\">Avtomobilski klju\u010di \u2013 classic<\/a><\/h2>\n","protected":false},"excerpt":{"rendered":"<p>Avto daljinci Ohi\u0161ja za avtomobilske klju\u010de Avtomobilski klju\u010di s transponderjem Avtomobilski klju\u010di \u2013 classic<\/p>\n","protected":false},"author":1,"featured_media":86,"parent":0,"menu_order":0,"comment_status":"closed","ping_status":"closed","template":"","meta":{"footnotes":""},"class_list":["post-85","page","type-page","status-publish","has-post-thumbnail","hentry"],"_links":{"self":[{"href":"https:\/\/kljuci-cena.si\/kljuci\/wp-json\/wp\/v2\/pages\/85","targetHints":{"allow":["GET"]}}],"collection":[{"href":"https:\/\/kljuci-cena.si\/kljuci\/wp-json\/wp\/v2\/pages"}],"about":[{"href":"https:\/\/kljuci-cena.si\/kljuci\/wp-json\/wp\/v2\/types\/page"}],"author":[{"embeddable":true,"href":"https:\/\/kljuci-cena.si\/kljuci\/wp-json\/wp\/v2\/users\/1"}],"replies":[{"embeddable":true,"href":"https:\/\/kljuci-cena.si\/kljuci\/wp-json\/wp\/v2\/comments?post=85"}],"version-history":[{"count":5,"href":"https:\/\/kljuci-cena.si\/kljuci\/wp-json\/wp\/v2\/pages\/85\/revisions"}],"predecessor-version":[{"id":332,"href":"https:\/\/kljuci-cena.si\/kljuci\/wp-json\/wp\/v2\/pages\/85\/revisions\/332"}],"wp:featuredmedia":[{"embeddable":true,"href":"https:\/\/kljuci-cena.si\/kljuci\/wp-json\/wp\/v2\/media\/86"}],"wp:attachment":[{"href":"https:\/\/kljuci-cena.si\/kljuci\/wp-json\/wp\/v2\/media?parent=85"}],"curies":[{"name":"wp","href":"https:\/\/api.w.org\/{rel}","templated":true}]}}