{"id":94,"date":"2021-01-04T15:15:58","date_gmt":"2021-01-04T14:15:58","guid":{"rendered":"https:\/\/kljuci-cena.si\/kljuci\/?page_id=94"},"modified":"2021-01-04T17:02:27","modified_gmt":"2021-01-04T16:02:27","slug":"ohisja-za-avtomobilske-kljuce","status":"publish","type":"page","link":"https:\/\/kljuci-cena.si\/kljuci\/za-avtomobil\/ohisja-za-avtomobilske-kljuce\/","title":{"rendered":"Ohi\u0161ja za avtomobilske klju\u010de"},"content":{"rendered":"\n<h1 class=\"wp-block-heading\">Ohi\u0161ja za avtomobilske klju\u010de<\/h1>\n\n\n\n<p>Ohi\u0161je in gumbi va\u0161ega daljinca za avto se po nekaj letih in nekaj tiso\u010d odklepanj avtomobila, obrabijo, po\u010dijo, &#8230;..<\/p>\n\n\n\n<p>Ker nakup novega avtomobilskega klju\u010da ni vedno ravno poceni, vam nudimo menjavo zgolj in samo ohi\u0161ja va\u0161ega avtomobilskega daljinca.<\/p>\n\n\n\n<p>\u0160e delujo\u010do elektroniko daljinca, prestavimo v popolnoma novo ohi\u0161je in vam s tem prihranimo 60-80% denarja v primerjavi z novim klju\u010dem.<\/p>\n\n\n\n<p>Na zalogi imamo ohi\u0161ja za vozila razli\u010dnih znamk in modelov.<\/p>\n\n\n\n<p>Zamenjava ohi\u0161ja praviloma traja nekje med 10-30 minut.<\/p>\n\n\n\n<figure class=\"wp-block-image size-large\"><img fetchpriority=\"high\" decoding=\"async\" width=\"800\" height=\"726\" src=\"https:\/\/kljuci-cena.si\/kljuci\/wp-content\/uploads\/2021\/01\/OHISJA-KLJUCEV1.png\" alt=\"\" class=\"wp-image-98\" srcset=\"https:\/\/kljuci-cena.si\/kljuci\/wp-content\/uploads\/2021\/01\/OHISJA-KLJUCEV1.png 800w, https:\/\/kljuci-cena.si\/kljuci\/wp-content\/uploads\/2021\/01\/OHISJA-KLJUCEV1-300x272.png 300w, https:\/\/kljuci-cena.si\/kljuci\/wp-content\/uploads\/2021\/01\/OHISJA-KLJUCEV1-768x697.png 768w\" sizes=\"(max-width: 800px) 100vw, 800px\" \/><\/figure>\n","protected":false},"excerpt":{"rendered":"<p>Ohi\u0161ja za avtomobilske klju\u010de Ohi\u0161je in gumbi va\u0161ega daljinca za avto se po nekaj letih in nekaj tiso\u010d odklepanj avtomobila, obrabijo, po\u010dijo, &#8230;.. Ker nakup&hellip;<\/p>\n","protected":false},"author":1,"featured_media":86,"parent":85,"menu_order":0,"comment_status":"closed","ping_status":"closed","template":"","meta":{"footnotes":""},"class_list":["post-94","page","type-page","status-publish","has-post-thumbnail","hentry"],"_links":{"self":[{"href":"https:\/\/kljuci-cena.si\/kljuci\/wp-json\/wp\/v2\/pages\/94","targetHints":{"allow":["GET"]}}],"collection":[{"href":"https:\/\/kljuci-cena.si\/kljuci\/wp-json\/wp\/v2\/pages"}],"about":[{"href":"https:\/\/kljuci-cena.si\/kljuci\/wp-json\/wp\/v2\/types\/page"}],"author":[{"embeddable":true,"href":"https:\/\/kljuci-cena.si\/kljuci\/wp-json\/wp\/v2\/users\/1"}],"replies":[{"embeddable":true,"href":"https:\/\/kljuci-cena.si\/kljuci\/wp-json\/wp\/v2\/comments?post=94"}],"version-history":[{"count":4,"href":"https:\/\/kljuci-cena.si\/kljuci\/wp-json\/wp\/v2\/pages\/94\/revisions"}],"predecessor-version":[{"id":102,"href":"https:\/\/kljuci-cena.si\/kljuci\/wp-json\/wp\/v2\/pages\/94\/revisions\/102"}],"up":[{"embeddable":true,"href":"https:\/\/kljuci-cena.si\/kljuci\/wp-json\/wp\/v2\/pages\/85"}],"wp:featuredmedia":[{"embeddable":true,"href":"https:\/\/kljuci-cena.si\/kljuci\/wp-json\/wp\/v2\/media\/86"}],"wp:attachment":[{"href":"https:\/\/kljuci-cena.si\/kljuci\/wp-json\/wp\/v2\/media?parent=94"}],"curies":[{"name":"wp","href":"https:\/\/api.w.org\/{rel}","templated":true}]}}